{"id":6,"date":"2021-11-04T15:26:14","date_gmt":"2021-11-04T15:26:14","guid":{"rendered":"https:\/\/dl.cuni.cz\/en\/?page_id=6"},"modified":"2025-02-27T13:17:57","modified_gmt":"2025-02-27T13:17:57","slug":"ms-teams","status":"publish","type":"page","link":"https:\/\/elearning.cuni.cz\/english\/ms-teams\/","title":{"rendered":"MS Teams"},"content":{"rendered":"\r\n<p><strong><span style=\"color: #9c0909;\">News:<\/span> <\/strong>the recording of the webinar <strong>Artificial Intelligence in Teacher Practice: using AI in Microsoft365 products <\/strong>can be found <a href=\"https:\/\/stream.knihovna.cuni.cz\/cs\/media\/eef439c5675145c9a3e9be3e028888d9\">here<\/a>. The seminar is led by Ing. Ji\u0159\u00ed Kadav\u00fd, Microsoft CZ<\/p>\r\n<h4><span style=\"color: #b81818;\">Charles University central license versus faculty license<\/span><\/h4>\r\n<p>At Charles University it is possible to connect to <strong>two MS Teams environments<\/strong> depending on the license used. Therefore, please always pay attention to the teaching environment. Teachers can use both environments for their teaching. You log in to the university environment <a href=\"https:\/\/login.microsoftonline.com\/login.srf\">office365.cuni.cz<\/a> with the login <strong>personalnumber@cuni.cz<\/strong> and then with your <strong>CAS login details<\/strong>. To enter the faculty environment, use the instructions on the faculty&#8217;s website.<\/p>\r\n<ul>\r\n<li>Faculty of Arts (FF): <a href=\"https:\/\/office.ff.cuni.cz\/stazeni-a-instalace\/\">Instructions for entering the Microsoft 365 environment of the Faculty of Arts<\/a> (Czech only) | Helpdesk contact: <a href=\"mailto:lvt@ff.cuni.cz\">lvt@ff.cuni.cz<\/a>\u00a0<\/li>\r\n<li>Faculty of Social Sciences (FSV): <a href=\"https:\/\/fsv.cuni.cz\/pro-zamestnance\/it-oddeleni\/office365\">Instructions for entering the Microsoft 365 environment of the Faculty of Social Sciences<\/a> (Czech only) | Helpdesk contact: <a href=\"mailto:helpdesk@fsv.cuni.cz\">helpdesk@fsv.cuni.cz<\/a><\/li>\r\n<li>Faculty of Science (NATUR): <a href=\"https:\/\/www.natur.cuni.cz\/fakulta\/cit\/podpora-uzivatelu\/softwarove-licence\/office365-pro-zamestnance\">Instructions for entering the Microsoft 365 environment of the Faculty of Science<\/a> (Czech only) | Helpdesk contact: <a href=\"mailto:petrus@natur.cuni.cz\">petrus@natur.cuni.cz<\/a><\/li>\r\n<li>Faculty of Medicine in Hradec Kr\u00e1lov\u00e9 (LFHK): more information <a href=\"https:\/\/www.lfhk.cuni.cz\/Information-Systems\/\">here<\/a> | Helpdesk contact: <a href=\"mailto:adm@lfhk.cuni.cz\">adm@lfhk.cuni.cz<\/a><\/li>\r\n<li>Faculty of Pharmacy in Hradec Kr\u00e1lov\u00e9 (FAF): more information <a href=\"https:\/\/www.faf.cuni.cz\/en\/IT-info\/\">here<\/a> | Helpdesk contact: <a href=\"mailto:helpdesk@faf.cuni.cz\">helpdesk@faf.cuni.cz<\/a><\/li>\r\n<\/ul>\r\n<p>MS Teams is a tool that enables teamwork and can also be used effectively in higher education for distance learning.<\/p>\r\n<h4><span style=\"color: #000000;\"><span style=\"color: #bf0808;\">\u21d2\u00a0<\/span>Microsoft 365 support (Charles University central license)<\/span><\/h4>\r\n<p>This support applies to the M365 university license. If you are working with a faculty license, you must contact faculty support. We do not have the authority to service individual faculty licenses. Thank you for your understanding!<\/p>\r\n<ul>\r\n<li><strong>MS Teams\/M365 support for login problems:<\/strong><br \/><a href=\"https:\/\/servicedesk.cuni.cz\/marketplace\/formcreator\/front\/formdisplay.php?id=4\">Form for your request<\/a> (Czech only)<\/li>\r\n<li><strong>MS Teams methodological support for teachers:<br \/><\/strong>Helpdesk: <a href=\"mailto:teams-podpora@ruk.cuni.cz\">teams-podpora@ruk.cuni.cz<\/a> | Jana Jav\u016frkov\u00e1, Dean Posavec-Malok<\/li>\r\n<\/ul>\r\n<p><span style=\"color: #000000;\"><strong>\u21d2 General instructions for M365 cloud services<\/strong><\/span><\/p>\r\n<p>General instructions for M365 cloud services can be found at <a href=\"https:\/\/cunicz.sharepoint.com\/sites\/Easy365-ENG\/\">https:\/\/cunicz.sharepoint.com\/sites\/Easy365-ENG\/<\/a> (the site requires a CAS login)<\/p>\r\n<p><span style=\"color: #000000;\"><strong>\u21d2 Outlook tutorials for students<\/strong> | Instructions are available at <a href=\"https:\/\/elearning.cuni.cz\/manual.php\">https:\/\/elearning.cuni.cz\/manual.php<\/a><\/span><\/p>\r\n\r\n\r\n\r\n<h4><span style=\"color: #b81818;\">\u21d2<\/span> <span style=\"color: #b81818;\">Saving recordings from an online meeting<\/span><\/h4>\r\n\r\n\r\n\r\n<div class=\"wp-block-image\">\r\n<figure class=\"alignleft\"><img loading=\"lazy\" class=\"wp-image-3661 alignleft\" src=\"https:\/\/dl.cuni.cz\/wp-content\/uploads\/ikona-video-300x300.png\" alt=\"\" width=\"97\" height=\"97\" \/><\/figure>\r\n<\/div>\r\n\r\n\r\n\r\n<p>During February 2021, there was a change in the storage of recordings from online meetings. If you create a meeting in a team channel, the recording is saved to the team&#8217;s sharepoint when the meeting ends. If you create an appointment directly from a calendar outside the team, the recording is saved on the OneDrive of the person who started the recording. Within the sharepoint, all meeting members have editing rights to the recording, the recording on OneDrive has the view only mode set for the other meeting members except the owner \/ presenter by default.<\/p>\r\n\r\n\r\n\r\n<h4>\u00a0<\/h4>\r\n<p>&nbsp;<\/p>\r\n\r\n<div class=\"su-spoiler su-spoiler-style-fancy su-spoiler-icon-plus-square-1 su-spoiler-closed\"><div class=\"su-spoiler-title\" tabindex=\"0\" role=\"button\"><span class=\"su-spoiler-icon\"><\/span>Comparison of MS Teams and LMS Moodle<\/div><div class=\"su-spoiler-content su-clearfix\">\r\n<div class=\"su-table su-table-alternate\">\r\n<table style=\"width: 432.667px;\">\r\n<tbody>\r\n<tr>\r\n<td style=\"width: 142px;\"><strong>Activity<\/strong><\/td>\r\n<td style=\"width: 124px;\"><strong>MS Teams<\/strong><\/td>\r\n<td style=\"width: 56.6667px;\"><strong>Moodle<\/strong><\/td>\r\n<\/tr>\r\n<tr>\r\n<td style=\"width: 142px;\">Backup, restore and course reset<\/td>\r\n<td style=\"width: 124px;\">NO<\/td>\r\n<td style=\"width: 56.6667px;\">YES<\/td>\r\n<\/tr>\r\n<tr>\r\n<td style=\"width: 142px;\">Testing<\/td>\r\n<td style=\"width: 124px;\">YES, but with limits<\/td>\r\n<td style=\"width: 56.6667px;\">YES<\/td>\r\n<\/tr>\r\n<tr>\r\n<td style=\"width: 142px;\">Grading<\/td>\r\n<td style=\"width: 124px;\">YES, but with limits<\/td>\r\n<td style=\"width: 56.6667px;\">YES<\/td>\r\n<\/tr>\r\n<tr>\r\n<td style=\"width: 142px;\">Tracking of completed activities<\/td>\r\n<td style=\"width: 124px;\">YES, but with limits<\/td>\r\n<td style=\"width: 56.6667px;\">YES<\/td>\r\n<\/tr>\r\n<tr>\r\n<td style=\"width: 142px;\">Recording the student&#8217;s progress<\/td>\r\n<td style=\"width: 124px;\">YES, but with limits<\/td>\r\n<td style=\"width: 56.6667px;\">YES<\/td>\r\n<\/tr>\r\n<tr>\r\n<td style=\"width: 142px;\">Online lectures<\/td>\r\n<td style=\"width: 124px;\">YES<\/td>\r\n<td style=\"width: 56.6667px;\">NO<\/td>\r\n<\/tr>\r\n<tr>\r\n<td style=\"width: 142px;\">Recording a lecture<\/td>\r\n<td style=\"width: 124px;\">YES<\/td>\r\n<td style=\"width: 56.6667px;\">NO<\/td>\r\n<\/tr>\r\n<tr>\r\n<td style=\"width: 142px;\">Sharing materials<\/td>\r\n<td style=\"width: 124px;\">YES<\/td>\r\n<td style=\"width: 56.6667px;\">YES<\/td>\r\n<\/tr>\r\n<tr>\r\n<td style=\"width: 142px;\">Communication<\/td>\r\n<td style=\"width: 124px;\">YES<\/td>\r\n<td style=\"width: 56.6667px;\">YES<\/td>\r\n<\/tr>\r\n<tr>\r\n<td style=\"width: 142px;\">Assigning\/submitting tasks<\/td>\r\n<td style=\"width: 124px;\">YES<\/td>\r\n<td style=\"width: 56.6667px;\">YES<\/td>\r\n<\/tr>\r\n<\/tbody>\r\n<\/table>\r\n<\/div>\r\n<\/div><\/div>\r\n<p>&nbsp;<\/p>\r\n\r\n<h4>\u21d2 MS Teams<\/h4>\r\n\r\n\r\n\r\n<p>Inclusive online lectures \/ seminars \/ consultations<br \/>\u2022 Up to 250 attendees (including anonymous!)<br \/>\u2022 Audio &amp; video conference, chat, content sharing, whiteboard<br \/>\u2022 Lecture\/meeting notes (history).<br \/>\u2022 Not just for lectures, but all types of online meetings<br \/>(work from home, project meetings, departmental meetings, all<br \/>hands, blended meetings, external coordination etc.)<\/p>\r\n\r\n\r\n\r\n<div class=\"su-spacer\" style=\"height:15px\"><\/div><a href=\"https:\/\/stream.cuni.cz\/cs\/Detail\/3410\" class=\"su-button su-button-style-ghost\" style=\"color:#DD4551;background-color:#DD4551;border-color:#b13741;border-radius:8px;-moz-border-radius:8px;-webkit-border-radius:8px\" target=\"_blank\" rel=\"noopener\"><span style=\"color:#DD4551;padding:0px 22px;font-size:17px;line-height:34px;border-color:#e77d85;border-radius:8px;-moz-border-radius:8px;-webkit-border-radius:8px;text-shadow:0px 0px 0px #f2f1f0;-moz-text-shadow:0px 0px 0px #f2f1f0;-webkit-text-shadow:0px 0px 0px #f2f1f0\"> Microsoft Teams webinar for distant learning at Charles University &#8211; 19.3.2020<\/span><\/a><div class=\"su-spacer\" style=\"height:5px\"><\/div>\r\n\r\n\r\n\r\n<a href=\"https:\/\/dl.cuni.cz\/wp-content\/uploads\/Microsft-Teams-pro-vzd%C3%A1lenou-v%C3%BDuku-UK-1.pdf\" class=\"su-button su-button-style-ghost\" style=\"color:#DD4551;background-color:#DD4551;border-color:#b13741;border-radius:8px;-moz-border-radius:8px;-webkit-border-radius:8px\" target=\"_blank\" rel=\"noopener\"><span style=\"color:#DD4551;padding:0px 22px;font-size:17px;line-height:34px;border-color:#e77d85;border-radius:8px;-moz-border-radius:8px;-webkit-border-radius:8px;text-shadow:0px 0px 0px #f2f1f0;-moz-text-shadow:0px 0px 0px #f2f1f0;-webkit-text-shadow:0px 0px 0px #f2f1f0\"> Microsoft Teams webinar for distant learning at Charles University as presentation &#8211; 19.3.2020<\/span><\/a><div class=\"su-spacer\" style=\"height:5px\"><\/div>\r\n\r\n\r\n\r\n<a href=\"https:\/\/cczv.cuni.cz\/CCZV-220-version1-how_to_sign_in_into_teams.pdf\" class=\"su-button su-button-style-ghost\" style=\"color:#DD4551;background-color:#DD4551;border-color:#b13741;border-radius:8px;-moz-border-radius:8px;-webkit-border-radius:8px\" target=\"_blank\" rel=\"noopener\"><span style=\"color:#DD4551;padding:0px 22px;font-size:17px;line-height:34px;border-color:#e77d85;border-radius:8px;-moz-border-radius:8px;-webkit-border-radius:8px;text-shadow:0px 0px 0px #f2f1f0;-moz-text-shadow:0px 0px 0px #f2f1f0;-webkit-text-shadow:0px 0px 0px #f2f1f0\"> How to sign in the University Office 365 environment?<\/span><\/a><div class=\"su-spacer\" style=\"height:5px\"><\/div>\r\n\r\n\r\n\r\n<p>Here you can find instructional videos, presentations and guides to help you work with MS Teams.<\/p>\r\n\r\n\r\n\r\n<p><strong>Guides:<\/strong><br \/>How to use Teams for teaching &#8211; here.<br \/>Webinars<br \/>\u00b7 \u00a0\u00a0\u00a0\u00a0\u00a0\u00a0\u00a0Microsoft Teams for distant learning (18 March 2020) &#8211; webinar and the presentation<br \/>\u00b7 \u00a0\u00a0\u00a0\u00a0\u00a0\u00a0\u00a0Introducing MS Teams for teaching (Czech) &#8211;\u00a0<a href=\"http:\/\/aka.ms\/teamsdistancne\" target=\"_blank\" rel=\"noreferrer noopener\">http:\/\/aka.ms\/teamsdistancne<\/a><br \/>\u00b7 \u00a0\u00a0\u00a0\u00a0\u00a0\u00a0\u00a0Introducing MS Teams for teaching (Slovak) &#8211;\u00a0<a href=\"https:\/\/youtu.be\/eb6mhYd9_as\" target=\"_blank\" rel=\"noreferrer noopener\">https:\/\/youtu.be\/eb6mhYd9_as<\/a><br \/>\u00b7 \u00a0\u00a0\u00a0\u00a0\u00a0\u00a0\u00a0A practical demonstration of using MS Teams for distant learning by a Slovak teacher (Solvak) &#8211;\u00a0<a href=\"https:\/\/www.youtube.com\/watch?v=MXHaGc29Rwo\" target=\"_blank\" rel=\"noreferrer noopener\">https:\/\/www.youtube.com\/watch?v=MXHaGc29Rwo<\/a><\/p>\r\n\r\n\r\n\r\n<p><strong>Online courses, videos and links<\/strong><br \/>\u00b7 \u00a0\u00a0\u00a0\u00a0\u00a0\u00a0\u00a0Online course Introducing Microsoft Teams\u00a0<a href=\"https:\/\/education.microsoft.com\/cs-cz\/course\/2da39634\/overview\" target=\"_blank\" rel=\"noreferrer noopener\">https:\/\/education.microsoft.com\/cs-cz\/course\/2da39634\/overview<\/a><br \/>\u00b7 \u00a0\u00a0\u00a0\u00a0\u00a0\u00a0\u00a0Online course Let\u2019s change the way we teach with Microsoft Teams\u00a0<a href=\"https:\/\/education.microsoft.com\/cs-cz\/course\/b3c74377\/overview\" target=\"_blank\" rel=\"noreferrer noopener\">https:\/\/education.microsoft.com\/cs-cz\/course\/b3c74377\/overview<\/a><br \/>\u00b7 \u00a0\u00a0\u00a0\u00a0\u00a0\u00a0\u00a0Microsoft Teams videos from the series Modern Employee: Introducing Microsoft Teams, Complex teamwork in Microsoft Teams &#8211; you can download the videos and use them freely<br \/>\u00b7 \u00a0\u00a0\u00a0\u00a0\u00a0\u00a0\u00a0<a href=\"https:\/\/support.microsoft.com\/en-us\/topic\/microsoft-teams-5aa4431a-8a3c-4aa5-87a6-b6401abea114?ui=en-us&amp;rs=en-gb&amp;ad=gb#ID0EAABAAA=Assignments\">Microsoft Teams Support Office for Higher Education<\/a><br \/>\u00b7 \u00a0\u00a0\u00a0\u00a0\u00a0\u00a0\u00a0<a href=\"https:\/\/support.microsoft.com\/en-GB\/teams?ui=cs-cz&amp;rs=cs-cz&amp;ad=cz\">Microsoft Teams Support Office<\/a><br \/>\u00b7 \u00a0\u00a0\u00a0\u00a0\u00a0\u00a0\u00a0<a href=\"https:\/\/support.microsoft.com\/en-gb\/office\/microsoft-teams-video-training-4f108e54-240b-4351-8084-b1089f0d21d7?ui=en-US&amp;rs=en-GB&amp;ad=GB\">Microsoft Teams tutorials<\/a><\/p>\r\n","protected":false},"excerpt":{"rendered":"<p>News: the recording of the webinar Artificial Intelligence in Teacher Practice: using AI in Microsoft365 products can be found here. The seminar is led by Ing. Ji\u0159\u00ed Kadav\u00fd, Microsoft CZ Charles University central license versus faculty license At Charles University it is possible to connect to two MS Teams environments depending on the license used. [&hellip;]<\/p>\n","protected":false},"author":1,"featured_media":7,"parent":0,"menu_order":0,"comment_status":"closed","ping_status":"closed","template":"","meta":{"_links_to":"","_links_to_target":""},"_links":{"self":[{"href":"https:\/\/elearning.cuni.cz\/english\/wp-json\/wp\/v2\/pages\/6"}],"collection":[{"href":"https:\/\/elearning.cuni.cz\/english\/wp-json\/wp\/v2\/pages"}],"about":[{"href":"https:\/\/elearning.cuni.cz\/english\/wp-json\/wp\/v2\/types\/page"}],"author":[{"embeddable":true,"href":"https:\/\/elearning.cuni.cz\/english\/wp-json\/wp\/v2\/users\/1"}],"replies":[{"embeddable":true,"href":"https:\/\/elearning.cuni.cz\/english\/wp-json\/wp\/v2\/comments?post=6"}],"version-history":[{"count":7,"href":"https:\/\/elearning.cuni.cz\/english\/wp-json\/wp\/v2\/pages\/6\/revisions"}],"predecessor-version":[{"id":400,"href":"https:\/\/elearning.cuni.cz\/english\/wp-json\/wp\/v2\/pages\/6\/revisions\/400"}],"wp:featuredmedia":[{"embeddable":true,"href":"https:\/\/elearning.cuni.cz\/english\/wp-json\/wp\/v2\/media\/7"}],"wp:attachment":[{"href":"https:\/\/elearning.cuni.cz\/english\/wp-json\/wp\/v2\/media?parent=6"}],"curies":[{"name":"wp","href":"https:\/\/api.w.org\/{rel}","templated":true}]}}