{"id":51,"date":"2021-11-04T16:42:14","date_gmt":"2021-11-04T16:42:14","guid":{"rendered":"https:\/\/dl.cuni.cz\/en\/?page_id=51"},"modified":"2025-09-08T07:41:09","modified_gmt":"2025-09-08T07:41:09","slug":"contacts","status":"publish","type":"page","link":"https:\/\/elearning.cuni.cz\/english\/contacts\/","title":{"rendered":"Contacts"},"content":{"rendered":"<div class=\"text-wrap tlid-copy-target\">\n<table style=\"width: 100%; border-collapse: collapse; background-color: #f0d8d8;\">\n<tbody>\n<tr>\n<td style=\"width: 100%;\">\u042f\u043a\u0449\u043e \u0432\u0430\u043c \u043f\u043e\u0442\u0440\u0456\u0431\u043d\u0430 \u0442\u0435\u0445\u043d\u0456\u0447\u043d\u0430, \u043c\u0435\u0442\u043e\u0434\u0438\u0447\u043d\u0430 \u0430\u0431\u043e \u0434\u0438\u0434\u0430\u043a\u0442\u0438\u0447\u043d\u0430 \u0434\u043e\u043f\u043e\u043c\u043e\u0433\u0430 \u0437 \u043e\u043d\u043b\u0430\u0439\u043d-\u043d\u0430\u0432\u0447\u0430\u043d\u043d\u044f\u043c, \u043d\u0435 \u0441\u043e\u0440\u043e\u043c\u0442\u0435\u0441\u044f \u0437\u0432\u0435\u0440\u0442\u0430\u0442\u0438\u0441\u044f \u0434\u043e \u043d\u0430\u0441 \u0437\u0430 \u0446\u0456\u0454\u044e \u0430\u0434\u0440\u0435\u0441\u043e\u044e: <a href=\"mailto:moodle-help@ruk.cuni.cz\">moodle-help@ruk.cuni.cz.<\/a> \u041c\u0438 \u0440\u043e\u0437\u043c\u043e\u0432\u043b\u044f\u0454\u043c\u043e \u0447\u0435\u0441\u044c\u043a\u043e\u044e, \u0430\u043d\u0433\u043b\u0456\u0439\u0441\u044c\u043a\u043e\u044e, \u043d\u0456\u043c\u0435\u0446\u044c\u043a\u043e\u044e \u043c\u043e\u0432\u0430\u043c\u0438.<\/td>\n<\/tr>\n<\/tbody>\n<\/table>\n<ul>\n<li style=\"text-align: left;\">Questions for the entire e-learning team to: <a style=\"font-size: revert;\" href=\"mailto:elearning@cuni.cz\">elearning@cuni.cz<\/a> (support languages: CZ, EN, DE)<\/li>\n<li style=\"text-align: left;\">Subscribe to our <a href=\"https:\/\/dl.cuni.cz\/newsletter\/\">newsletter<\/a> (newsletter language: CZ)<\/li>\n<li style=\"text-align: left;\">Follow us on <a href=\"https:\/\/www.facebook.com\/elearningCUNI\">Facebook<\/a> or <a href=\"https:\/\/youtube.com\/playlist?list=PLWcWCDPw6jbzYXdQFVb_QCJ_sFY2a2Dd_\">Youtube<\/a><\/li>\n<\/ul>\n<h4><span style=\"color: #912020;\">Head of the E-learning Support Centre<\/span><\/h4>\n<ul>\n<li>Mgr. Alexandra Pol\u00e1\u0161kov\u00e1 | T: +420 224 491 714 | E: <a href=\"mailto:alexandra.polaskova@ruk.cuni.cz\">alexandra.polaskova@ruk.cuni.cz<\/a><\/li>\n<\/ul>\n<h4><span style=\"color: #912020;\">Employee training, user support, administration of Moodle CU<\/span><\/h4>\n<ul>\n<li>Mgr. Hana Ovesleov\u00e1 Ph.D. | T: +420 224 491 450 | M: +420 771 139 214 | E: <a href=\"mailto:zora.masatova@ruk.cuni.cz\">hana.ovesleova@ruk.cuni.cz<\/a><\/li>\n<li>Tom\u00e1\u0161 Nikl | M: +420 770 317 646 | E: <a href=\"mailto:tomas.nikl@ruk.cuni.cz\">tomas.nikl@ruk.cuni.cz<\/a><\/li>\n<li>Mgr. Miriam Kolar T\u016fmov\u00e1 | T: +420 224 491 714 | E: <a href=\"mailto:miriam.kolar@ruk.cuni.cz\">miriam.kolar@ruk.cuni.cz<\/a><\/li>\n<\/ul>\n<h4><span style=\"color: #912020;\">User and methodological support MS Teams<\/span><\/h4>\n<ul>\n<li>Tom\u00e1\u0161 Nikl | M: +420 770 317 646 | E: <a href=\"mailto:tomas.nikl@ruk.cuni.cz\">tomas.nikl@ruk.cuni.cz<\/a><\/li>\n<\/ul>\n<h4><span style=\"color: #912020;\">Courses, training and further education <\/span><\/h4>\n<ul>\n<li>Mgr. Hana Ovesleov\u00e1 Ph.D. | T: +420 224 491 450 | M: +420 771 139 214 | E: <a href=\"mailto:zora.masatova@ruk.cuni.cz\">hana.ovesleova@ruk.cuni.cz<\/a><\/li>\n<\/ul>\n<h4><span style=\"color: #800000;\">4EU+ User Support<\/span><\/h4>\n<ul>\n<li>E: <a href=\"mailto:elearning@cuni.cz\">elearning@cuni.cz<\/a><\/li>\n<\/ul>\n<h4><span style=\"color: #800000;\">Artificial Intelligence (AI)<\/span><\/h4>\n<ul>\n<li>Bc. Petr Ber\u00e1nek | T: +420 224 491 958 | E: <a href=\"mailto:petr.beranek@ruk.cuni.cz\">petr.beranek@ruk.cuni.cz<\/a><\/li>\n<li>MgA. Al\u017eb\u011bta Moravcov\u00e1 | project coordinator | T: +420 224 491 847 | E: <a href=\"mailto:alzbeta.moravcova@ruk.cuni.cz\">alzbeta.moravcova@ruk.cuni.cz<\/a><\/li>\n<li>Mgr. David Ji\u0159\u00ed \u0160losar\u00a0| metodik AI |\u00a0 T: +420 224 491 958 | E:\u00a0<a href=\"mailto:david.jiri.slosar@ruk.cuni.cz\">david.jiri.slosar@ruk.cuni.cz<\/a><\/li>\n<\/ul>\n<h4><span style=\"color: #912020;\">Moodle CU Technical Administration\u00a0<\/span><\/h4>\n<ul>\n<li>Mgr. Alexandra Pol\u00e1\u0161kov\u00e1 | T: +420 224 491 714 | E: <a href=\"mailto:alexandra.polaskova@ruk.cuni.cz\">alexandra.polaskova@ruk.cuni.cz<\/a><\/li>\n<li>Ing. Petr Kali\u0161 | E: <a href=\"mailto:petr.kalis@ruk.cuni.cz\">petr.kalis@ruk.cuni.cz<\/a><\/li>\n<\/ul>\n<h4><span style=\"color: #912020;\">Administration and user support Mediaserver CU<\/span><\/h4>\n<ul>\n<li>Tom\u00e1\u0161 Nikl | M: +420 770 317 646 | E: <a href=\"mailto:streamservery@ruk.cuni.cz\">streamservery@ruk.cuni.cz<\/a><\/li>\n<\/ul>\n<h4><span style=\"color: #912020;\">Audiovisual Laboratory Central Library CU<\/span><\/h4>\n<ul>\n<li>MgA. Yevgeniy Rozhko | E: <a href=\"mailto:yevgeniy.rozhko@ruk.cuni.cz\">yevgeniy.rozhko@ruk.cuni.cz<\/a><\/li>\n<\/ul>\n<h4><span style=\"color: #912020;\">Turnitin User Support<\/span><\/h4>\n<ul>\n<li>Pavel Obdr\u017e\u00e1lek | T: +420 778 961 021 | E: <a href=\"mailto:pavel.obdrzalek@ruk.cuni.cz\">pavel.obdrzalek@ruk.cuni.cz<\/a><\/li>\n<li>Mgr. Hana Ovesleov\u00e1 Ph.D. | T: +420 224 491 450 | M: +420 771 139 214 | E: <a href=\"mailto:zora.masatova@ruk.cuni.cz\">hana.ovesleova@ruk.cuni.cz<\/a><\/li>\n<\/ul>\n<h4><span style=\"color: #800000;\">Publi and Future Books user support<\/span><\/h4>\n<ul>\n<li>E: <a href=\"mailto:elearning@cuni.cz\">elearning@cuni.cz<\/a><\/li>\n<\/ul>\n<h4><span style=\"color: #912020;\">Server management Computer Science Centre\u00a0CU<\/span><\/h4>\n<ul>\n<li>PhDr. Jan V\u00ed\u0161ek | M: +420 603 279 232 | E: <a href=\"mailto:john@cuni.cz\">john@cuni.cz<\/a><\/li>\n<\/ul>\n<h4><span style=\"color: #912020;\">ePorfolio Mahara<\/span><\/h4>\n<ul>\n<li>E: <a href=\"mailto:mahara@ruk.cuni.cz\">mahara@ruk.cuni.cz<\/a><\/li>\n<\/ul>\n<h4><span style=\"color: #912020;\">Course methodology<\/span><\/h4>\n<ul>\n<li>Mgr. Hana Ovesleov\u00e1 Ph.D. | T: +420 224 491 450 | M: +420 771 139 214 | E: <a href=\"mailto:zora.masatova@ruk.cuni.cz\">hana.ovesleova@ruk.cuni.cz<\/a><\/li>\n<\/ul>\n<h4><span style=\"color: #912020;\">Karlovka Online<\/span><\/h4>\n<ul>\n<li>Mgr. Miriam Kolar T\u016fmov\u00e1 | T: +420 224 491 714 | E: <a href=\"mailto:miriam.kolar@ruk.cuni.cz\">miriam.kolar@ruk.cuni.cz<\/a><\/li>\n<\/ul>\n<\/div>\n","protected":false},"excerpt":{"rendered":"<p>\u042f\u043a\u0449\u043e \u0432\u0430\u043c \u043f\u043e\u0442\u0440\u0456\u0431\u043d\u0430 \u0442\u0435\u0445\u043d\u0456\u0447\u043d\u0430, \u043c\u0435\u0442\u043e\u0434\u0438\u0447\u043d\u0430 \u0430\u0431\u043e \u0434\u0438\u0434\u0430\u043a\u0442\u0438\u0447\u043d\u0430 \u0434\u043e\u043f\u043e\u043c\u043e\u0433\u0430 \u0437 \u043e\u043d\u043b\u0430\u0439\u043d-\u043d\u0430\u0432\u0447\u0430\u043d\u043d\u044f\u043c, \u043d\u0435 \u0441\u043e\u0440\u043e\u043c\u0442\u0435\u0441\u044f \u0437\u0432\u0435\u0440\u0442\u0430\u0442\u0438\u0441\u044f \u0434\u043e \u043d\u0430\u0441 \u0437\u0430 \u0446\u0456\u0454\u044e \u0430\u0434\u0440\u0435\u0441\u043e\u044e: moodle-help@ruk.cuni.cz. \u041c\u0438 \u0440\u043e\u0437\u043c\u043e\u0432\u043b\u044f\u0454\u043c\u043e \u0447\u0435\u0441\u044c\u043a\u043e\u044e, \u0430\u043d\u0433\u043b\u0456\u0439\u0441\u044c\u043a\u043e\u044e, \u043d\u0456\u043c\u0435\u0446\u044c\u043a\u043e\u044e \u043c\u043e\u0432\u0430\u043c\u0438. Questions for the entire e-learning team to: elearning@cuni.cz (support languages: CZ, EN, DE) Subscribe to our newsletter (newsletter language: CZ) Follow us on Facebook or Youtube Head of the E-learning [&hellip;]<\/p>\n","protected":false},"author":1,"featured_media":0,"parent":0,"menu_order":0,"comment_status":"closed","ping_status":"closed","template":"","meta":{"_links_to":"","_links_to_target":""},"_links":{"self":[{"href":"https:\/\/elearning.cuni.cz\/english\/wp-json\/wp\/v2\/pages\/51"}],"collection":[{"href":"https:\/\/elearning.cuni.cz\/english\/wp-json\/wp\/v2\/pages"}],"about":[{"href":"https:\/\/elearning.cuni.cz\/english\/wp-json\/wp\/v2\/types\/page"}],"author":[{"embeddable":true,"href":"https:\/\/elearning.cuni.cz\/english\/wp-json\/wp\/v2\/users\/1"}],"replies":[{"embeddable":true,"href":"https:\/\/elearning.cuni.cz\/english\/wp-json\/wp\/v2\/comments?post=51"}],"version-history":[{"count":32,"href":"https:\/\/elearning.cuni.cz\/english\/wp-json\/wp\/v2\/pages\/51\/revisions"}],"predecessor-version":[{"id":419,"href":"https:\/\/elearning.cuni.cz\/english\/wp-json\/wp\/v2\/pages\/51\/revisions\/419"}],"wp:attachment":[{"href":"https:\/\/elearning.cuni.cz\/english\/wp-json\/wp\/v2\/media?parent=51"}],"curies":[{"name":"wp","href":"https:\/\/api.w.org\/{rel}","templated":true}]}}